{"id":262,"date":"2024-02-20T20:59:18","date_gmt":"2024-02-20T20:59:18","guid":{"rendered":"https:\/\/antonianina.com\/?page_id=262"},"modified":"2024-02-23T21:15:15","modified_gmt":"2024-02-23T21:15:15","slug":"cursos-y-talleres","status":"publish","type":"page","link":"https:\/\/antonianina.com\/?page_id=262","title":{"rendered":"Cursos y talleres"},"content":{"rendered":"\t\t<div data-elementor-type=\"wp-page\" data-elementor-id=\"262\" class=\"elementor elementor-262\">\n\t\t\t\t<div class=\"elementor-element elementor-element-26e1099 e-flex e-con-boxed e-con e-parent\" data-id=\"26e1099\" data-element_type=\"container\" data-settings=\"{&quot;container_type&quot;:&quot;flex&quot;,&quot;content_width&quot;:&quot;boxed&quot;}\" data-core-v316-plus=\"true\">\n\t\t\t\t\t<div class=\"e-con-inner\">\n\t\t<div class=\"elementor-element elementor-element-99d1f1b e-con-full e-flex e-con e-child\" data-id=\"99d1f1b\" data-element_type=\"container\" data-settings=\"{&quot;content_width&quot;:&quot;full&quot;,&quot;container_type&quot;:&quot;flex&quot;}\">\n\t\t\t\t<div class=\"elementor-element elementor-element-cf93632 elementor-widget elementor-widget-heading\" data-id=\"cf93632\" data-element_type=\"widget\" data-widget_type=\"heading.default\">\n\t\t\t\t<div class=\"elementor-widget-container\">\n\t\t\t<style>\/*! elementor - v3.19.0 - 28-02-2024 *\/\n.elementor-heading-title{padding:0;margin:0;line-height:1}.elementor-widget-heading .elementor-heading-title[class*=elementor-size-]>a{color:inherit;font-size:inherit;line-height:inherit}.elementor-widget-heading .elementor-heading-title.elementor-size-small{font-size:15px}.elementor-widget-heading .elementor-heading-title.elementor-size-medium{font-size:19px}.elementor-widget-heading .elementor-heading-title.elementor-size-large{font-size:29px}.elementor-widget-heading .elementor-heading-title.elementor-size-xl{font-size:39px}.elementor-widget-heading .elementor-heading-title.elementor-size-xxl{font-size:59px}<\/style><h2 class=\"elementor-heading-title elementor-size-default\">Cursos y talleres<\/h2>\t\t<\/div>\n\t\t\t\t<\/div>\n\t\t\t\t<\/div>\n\t\t<div class=\"elementor-element elementor-element-4258bd1 e-con-full e-flex e-con e-child\" data-id=\"4258bd1\" data-element_type=\"container\" data-settings=\"{&quot;content_width&quot;:&quot;full&quot;,&quot;container_type&quot;:&quot;flex&quot;}\">\n\t\t\t\t<div class=\"elementor-element elementor-element-eae53a8 elementor-widget elementor-widget-heading\" data-id=\"eae53a8\" data-element_type=\"widget\" data-widget_type=\"heading.default\">\n\t\t\t\t<div class=\"elementor-widget-container\">\n\t\t\t<h2 class=\"elementor-heading-title elementor-size-default\">Formaci\u00f3n: <\/h2>\t\t<\/div>\n\t\t\t\t<\/div>\n\t\t\t\t<div class=\"elementor-element elementor-element-472f100 elementor-widget elementor-widget-heading\" data-id=\"472f100\" data-element_type=\"widget\" data-widget_type=\"heading.default\">\n\t\t\t\t<div class=\"elementor-widget-container\">\n\t\t\t<h2 class=\"elementor-heading-title elementor-size-default\">Ginecolog\u00eda y Salud Hormonal Naturop\u00e1tica<\/h2>\t\t<\/div>\n\t\t\t\t<\/div>\n\t\t\t\t<div class=\"elementor-element elementor-element-c2f45d5 elementor-widget elementor-widget-text-editor\" data-id=\"c2f45d5\" data-element_type=\"widget\" data-widget_type=\"text-editor.default\">\n\t\t\t\t<div class=\"elementor-widget-container\">\n\t\t\t<style>\/*! elementor - v3.19.0 - 28-02-2024 *\/\n.elementor-widget-text-editor.elementor-drop-cap-view-stacked .elementor-drop-cap{background-color:#69727d;color:#fff}.elementor-widget-text-editor.elementor-drop-cap-view-framed .elementor-drop-cap{color:#69727d;border:3px solid;background-color:transparent}.elementor-widget-text-editor:not(.elementor-drop-cap-view-default) .elementor-drop-cap{margin-top:8px}.elementor-widget-text-editor:not(.elementor-drop-cap-view-default) .elementor-drop-cap-letter{width:1em;height:1em}.elementor-widget-text-editor .elementor-drop-cap{float:left;text-align:center;line-height:1;font-size:50px}.elementor-widget-text-editor .elementor-drop-cap-letter{display:inline-block}<\/style>\t\t\t\t<p><span class=\"color_15\">Comenzamos Abril 2024<br \/>Formaci\u00f3n dirigida tanto a profesionales de la salud, terapeutas o personas en b\u00fasqueda de una mejor y mayor comprensi\u00f3n de la fisiolog\u00eda femenina y las herramientas de la medicina natural para abordarla.<\/span><\/p>\t\t\t\t\t\t<\/div>\n\t\t\t\t<\/div>\n\t\t\t\t<div class=\"elementor-element elementor-element-198ba75 elementor-widget elementor-widget-button\" data-id=\"198ba75\" data-element_type=\"widget\" data-widget_type=\"button.default\">\n\t\t\t\t<div class=\"elementor-widget-container\">\n\t\t\t\t\t<div class=\"elementor-button-wrapper\">\n\t\t\t<a class=\"elementor-button elementor-button-link elementor-size-sm\" href=\"https:\/\/antonianina.com\/?page_id=275\">\n\t\t\t\t\t\t<span class=\"elementor-button-content-wrapper\">\n\t\t\t\t\t\t<span class=\"elementor-button-text\">M\u00e1s Informaci\u00f3n<\/span>\n\t\t<\/span>\n\t\t\t\t\t<\/a>\n\t\t<\/div>\n\t\t\t\t<\/div>\n\t\t\t\t<\/div>\n\t\t\t\t<\/div>\n\t\t<div class=\"elementor-element elementor-element-01fa829 e-con-full e-flex e-con e-child\" data-id=\"01fa829\" data-element_type=\"container\" data-settings=\"{&quot;content_width&quot;:&quot;full&quot;,&quot;container_type&quot;:&quot;flex&quot;}\">\n\t\t\t\t<div class=\"elementor-element elementor-element-c23b1df elementor-widget elementor-widget-image\" data-id=\"c23b1df\" data-element_type=\"widget\" data-widget_type=\"image.default\">\n\t\t\t\t<div class=\"elementor-widget-container\">\n\t\t\t<style>\/*! elementor - v3.19.0 - 28-02-2024 *\/\n.elementor-widget-image{text-align:center}.elementor-widget-image a{display:inline-block}.elementor-widget-image a img[src$=\".svg\"]{width:48px}.elementor-widget-image img{vertical-align:middle;display:inline-block}<\/style>\t\t\t\t\t\t\t\t\t\t<img fetchpriority=\"high\" decoding=\"async\" width=\"1024\" height=\"1024\" src=\"https:\/\/antonianina.com\/wp-content\/uploads\/2024\/02\/descarga-2-1024x1024.webp\" class=\"attachment-large size-large wp-image-265\" alt=\"\" srcset=\"https:\/\/antonianina.com\/wp-content\/uploads\/2024\/02\/descarga-2-1024x1024.webp 1024w, https:\/\/antonianina.com\/wp-content\/uploads\/2024\/02\/descarga-2-300x300.webp 300w, https:\/\/antonianina.com\/wp-content\/uploads\/2024\/02\/descarga-2-150x150.webp 150w, https:\/\/antonianina.com\/wp-content\/uploads\/2024\/02\/descarga-2-768x768.webp 768w, https:\/\/antonianina.com\/wp-content\/uploads\/2024\/02\/descarga-2.webp 1080w\" sizes=\"(max-width: 1024px) 100vw, 1024px\" \/>\t\t\t\t\t\t\t\t\t\t\t\t\t<\/div>\n\t\t\t\t<\/div>\n\t\t\t\t<\/div>\n\t\t\t\t\t<\/div>\n\t\t\t\t<\/div>\n\t\t\t\t<\/div>\n\t\t","protected":false},"excerpt":{"rendered":"<p>Cursos y talleres Formaci\u00f3n: Ginecolog\u00eda y Salud Hormonal Naturop\u00e1tica Comenzamos Abril 2024Formaci\u00f3n dirigida tanto a profesionales de la salud, terapeutas [&hellip;]<\/p>\n","protected":false},"author":1,"featured_media":0,"parent":0,"menu_order":0,"comment_status":"closed","ping_status":"closed","template":"","meta":{"site-sidebar-layout":"no-sidebar","site-content-layout":"","ast-site-content-layout":"full-width-container","site-content-style":"default","site-sidebar-style":"default","ast-global-header-display":"","ast-banner-title-visibility":"","ast-main-header-display":"","ast-hfb-above-header-display":"","ast-hfb-below-header-display":"","ast-hfb-mobile-header-display":"","site-post-title":"disabled","ast-breadcrumbs-content":"","ast-featured-img":"disabled","footer-sml-layout":"","theme-transparent-header-meta":"","adv-header-id-meta":"","stick-header-meta":"","header-above-stick-meta":"","header-main-stick-meta":"","header-below-stick-meta":"","astra-migrate-meta-layouts":"default","ast-page-background-enabled":"default","ast-page-background-meta":{"desktop":{"background-color":"var(--ast-global-color-4)","background-image":"","background-repeat":"repeat","background-position":"center center","background-size":"auto","background-attachment":"scroll","background-type":"","background-media":"","overlay-type":"","overlay-color":"","overlay-gradient":""},"tablet":{"background-color":"","background-image":"","background-repeat":"repeat","background-position":"center center","background-size":"auto","background-attachment":"scroll","background-type":"","background-media":"","overlay-type":"","overlay-color":"","overlay-gradient":""},"mobile":{"background-color":"","background-image":"","background-repeat":"repeat","background-position":"center center","background-size":"auto","background-attachment":"scroll","background-type":"","background-media":"","overlay-type":"","overlay-color":"","overlay-gradient":""}},"ast-content-background-meta":{"desktop":{"background-color":"var(--ast-global-color-5)","background-image":"","background-repeat":"repeat","background-position":"center center","background-size":"auto","background-attachment":"scroll","background-type":"","background-media":"","overlay-type":"","overlay-color":"","overlay-gradient":""},"tablet":{"background-color":"var(--ast-global-color-5)","background-image":"","background-repeat":"repeat","background-position":"center center","background-size":"auto","background-attachment":"scroll","background-type":"","background-media":"","overlay-type":"","overlay-color":"","overlay-gradient":""},"mobile":{"background-color":"var(--ast-global-color-5)","background-image":"","background-repeat":"repeat","background-position":"center center","background-size":"auto","background-attachment":"scroll","background-type":"","background-media":"","overlay-type":"","overlay-color":"","overlay-gradient":""}},"footnotes":""},"yoast_head":"<!-- This site is optimized with the Yoast SEO plugin v22.2 - https:\/\/yoast.com\/wordpress\/plugins\/seo\/ -->\n<title>Cursos y talleres - Antonia Nina<\/title>\n<meta name=\"robots\" content=\"index, follow, max-snippet:-1, max-image-preview:large, max-video-preview:-1\" \/>\n<link rel=\"canonical\" href=\"https:\/\/antonianina.com\/?page_id=262\" \/>\n<meta property=\"og:locale\" content=\"es_ES\" \/>\n<meta property=\"og:type\" content=\"article\" \/>\n<meta property=\"og:title\" content=\"Cursos y talleres - Antonia Nina\" \/>\n<meta property=\"og:description\" content=\"Cursos y talleres Formaci\u00f3n: Ginecolog\u00eda y Salud Hormonal Naturop\u00e1tica Comenzamos Abril 2024Formaci\u00f3n dirigida tanto a profesionales de la salud, terapeutas [&hellip;]\" \/>\n<meta property=\"og:url\" content=\"https:\/\/antonianina.com\/?page_id=262\" \/>\n<meta property=\"og:site_name\" content=\"Antonia Nina\" \/>\n<meta property=\"article:modified_time\" content=\"2024-02-23T21:15:15+00:00\" \/>\n<meta property=\"og:image\" content=\"https:\/\/antonianina.com\/wp-content\/uploads\/2024\/02\/descarga-2-1024x1024.webp\" \/>\n<meta name=\"twitter:card\" content=\"summary_large_image\" \/>\n<meta name=\"twitter:label1\" content=\"Est. reading time\" \/>\n\t<meta name=\"twitter:data1\" content=\"1 minuto\" \/>\n<script type=\"application\/ld+json\" class=\"yoast-schema-graph\">{\"@context\":\"https:\/\/schema.org\",\"@graph\":[{\"@type\":\"WebPage\",\"@id\":\"https:\/\/antonianina.com\/?page_id=262\",\"url\":\"https:\/\/antonianina.com\/?page_id=262\",\"name\":\"Cursos y talleres - Antonia Nina\",\"isPartOf\":{\"@id\":\"https:\/\/antonianina.com\/#website\"},\"primaryImageOfPage\":{\"@id\":\"https:\/\/antonianina.com\/?page_id=262#primaryimage\"},\"image\":{\"@id\":\"https:\/\/antonianina.com\/?page_id=262#primaryimage\"},\"thumbnailUrl\":\"https:\/\/antonianina.com\/wp-content\/uploads\/2024\/02\/descarga-2-1024x1024.webp\",\"datePublished\":\"2024-02-20T20:59:18+00:00\",\"dateModified\":\"2024-02-23T21:15:15+00:00\",\"breadcrumb\":{\"@id\":\"https:\/\/antonianina.com\/?page_id=262#breadcrumb\"},\"inLanguage\":\"es-CL\",\"potentialAction\":[{\"@type\":\"ReadAction\",\"target\":[\"https:\/\/antonianina.com\/?page_id=262\"]}]},{\"@type\":\"ImageObject\",\"inLanguage\":\"es-CL\",\"@id\":\"https:\/\/antonianina.com\/?page_id=262#primaryimage\",\"url\":\"https:\/\/antonianina.com\/wp-content\/uploads\/2024\/02\/descarga-2.webp\",\"contentUrl\":\"https:\/\/antonianina.com\/wp-content\/uploads\/2024\/02\/descarga-2.webp\",\"width\":1080,\"height\":1080},{\"@type\":\"BreadcrumbList\",\"@id\":\"https:\/\/antonianina.com\/?page_id=262#breadcrumb\",\"itemListElement\":[{\"@type\":\"ListItem\",\"position\":1,\"name\":\"Portada\",\"item\":\"https:\/\/antonianina.com\/\"},{\"@type\":\"ListItem\",\"position\":2,\"name\":\"Cursos y talleres\"}]},{\"@type\":\"WebSite\",\"@id\":\"https:\/\/antonianina.com\/#website\",\"url\":\"https:\/\/antonianina.com\/\",\"name\":\"Antonia Nina\",\"description\":\"Naturopata\",\"potentialAction\":[{\"@type\":\"SearchAction\",\"target\":{\"@type\":\"EntryPoint\",\"urlTemplate\":\"https:\/\/antonianina.com\/?s={search_term_string}\"},\"query-input\":\"required name=search_term_string\"}],\"inLanguage\":\"es-CL\"}]}<\/script>\n<!-- \/ Yoast SEO plugin. -->","yoast_head_json":{"title":"Cursos y talleres - Antonia Nina","robots":{"index":"index","follow":"follow","max-snippet":"max-snippet:-1","max-image-preview":"max-image-preview:large","max-video-preview":"max-video-preview:-1"},"canonical":"https:\/\/antonianina.com\/?page_id=262","og_locale":"es_ES","og_type":"article","og_title":"Cursos y talleres - Antonia Nina","og_description":"Cursos y talleres Formaci\u00f3n: Ginecolog\u00eda y Salud Hormonal Naturop\u00e1tica Comenzamos Abril 2024Formaci\u00f3n dirigida tanto a profesionales de la salud, terapeutas [&hellip;]","og_url":"https:\/\/antonianina.com\/?page_id=262","og_site_name":"Antonia Nina","article_modified_time":"2024-02-23T21:15:15+00:00","og_image":[{"url":"https:\/\/antonianina.com\/wp-content\/uploads\/2024\/02\/descarga-2-1024x1024.webp"}],"twitter_card":"summary_large_image","twitter_misc":{"Est. reading time":"1 minuto"},"schema":{"@context":"https:\/\/schema.org","@graph":[{"@type":"WebPage","@id":"https:\/\/antonianina.com\/?page_id=262","url":"https:\/\/antonianina.com\/?page_id=262","name":"Cursos y talleres - Antonia Nina","isPartOf":{"@id":"https:\/\/antonianina.com\/#website"},"primaryImageOfPage":{"@id":"https:\/\/antonianina.com\/?page_id=262#primaryimage"},"image":{"@id":"https:\/\/antonianina.com\/?page_id=262#primaryimage"},"thumbnailUrl":"https:\/\/antonianina.com\/wp-content\/uploads\/2024\/02\/descarga-2-1024x1024.webp","datePublished":"2024-02-20T20:59:18+00:00","dateModified":"2024-02-23T21:15:15+00:00","breadcrumb":{"@id":"https:\/\/antonianina.com\/?page_id=262#breadcrumb"},"inLanguage":"es-CL","potentialAction":[{"@type":"ReadAction","target":["https:\/\/antonianina.com\/?page_id=262"]}]},{"@type":"ImageObject","inLanguage":"es-CL","@id":"https:\/\/antonianina.com\/?page_id=262#primaryimage","url":"https:\/\/antonianina.com\/wp-content\/uploads\/2024\/02\/descarga-2.webp","contentUrl":"https:\/\/antonianina.com\/wp-content\/uploads\/2024\/02\/descarga-2.webp","width":1080,"height":1080},{"@type":"BreadcrumbList","@id":"https:\/\/antonianina.com\/?page_id=262#breadcrumb","itemListElement":[{"@type":"ListItem","position":1,"name":"Portada","item":"https:\/\/antonianina.com\/"},{"@type":"ListItem","position":2,"name":"Cursos y talleres"}]},{"@type":"WebSite","@id":"https:\/\/antonianina.com\/#website","url":"https:\/\/antonianina.com\/","name":"Antonia Nina","description":"Naturopata","potentialAction":[{"@type":"SearchAction","target":{"@type":"EntryPoint","urlTemplate":"https:\/\/antonianina.com\/?s={search_term_string}"},"query-input":"required name=search_term_string"}],"inLanguage":"es-CL"}]}},"_links":{"self":[{"href":"https:\/\/antonianina.com\/index.php?rest_route=\/wp\/v2\/pages\/262"}],"collection":[{"href":"https:\/\/antonianina.com\/index.php?rest_route=\/wp\/v2\/pages"}],"about":[{"href":"https:\/\/antonianina.com\/index.php?rest_route=\/wp\/v2\/types\/page"}],"author":[{"embeddable":true,"href":"https:\/\/antonianina.com\/index.php?rest_route=\/wp\/v2\/users\/1"}],"replies":[{"embeddable":true,"href":"https:\/\/antonianina.com\/index.php?rest_route=%2Fwp%2Fv2%2Fcomments&post=262"}],"version-history":[{"count":14,"href":"https:\/\/antonianina.com\/index.php?rest_route=\/wp\/v2\/pages\/262\/revisions"}],"predecessor-version":[{"id":443,"href":"https:\/\/antonianina.com\/index.php?rest_route=\/wp\/v2\/pages\/262\/revisions\/443"}],"wp:attachment":[{"href":"https:\/\/antonianina.com\/index.php?rest_route=%2Fwp%2Fv2%2Fmedia&parent=262"}],"curies":[{"name":"wp","href":"https:\/\/api.w.org\/{rel}","templated":true}]}}