{"id":199,"date":"2024-02-20T19:41:26","date_gmt":"2024-02-20T19:41:26","guid":{"rendered":"https:\/\/antonianina.com\/?page_id=199"},"modified":"2024-03-19T21:38:38","modified_gmt":"2024-03-19T21:38:38","slug":"naturopatia-terapias","status":"publish","type":"page","link":"https:\/\/antonianina.com\/?page_id=199","title":{"rendered":"Naturopat\u00eda"},"content":{"rendered":"\t\t<div data-elementor-type=\"wp-page\" data-elementor-id=\"199\" class=\"elementor elementor-199\">\n\t\t\t\t<div class=\"elementor-element elementor-element-003e5a9 e-con-full e-flex e-con e-parent\" data-id=\"003e5a9\" data-element_type=\"container\" data-settings=\"{&quot;content_width&quot;:&quot;full&quot;,&quot;background_background&quot;:&quot;classic&quot;,&quot;container_type&quot;:&quot;flex&quot;}\" data-e-bg-lazyload=\"\" data-core-v316-plus=\"true\">\n\t\t\t\t<\/div>\n\t\t<div class=\"elementor-element elementor-element-7ecd752 e-flex e-con-boxed e-con e-parent\" data-id=\"7ecd752\" data-element_type=\"container\" data-settings=\"{&quot;container_type&quot;:&quot;flex&quot;,&quot;content_width&quot;:&quot;boxed&quot;}\" data-core-v316-plus=\"true\">\n\t\t\t\t\t<div class=\"e-con-inner\">\n\t\t\t\t<div class=\"elementor-element elementor-element-b05d7cd elementor-widget elementor-widget-heading\" data-id=\"b05d7cd\" data-element_type=\"widget\" data-widget_type=\"heading.default\">\n\t\t\t\t<div class=\"elementor-widget-container\">\n\t\t\t<style>\/*! elementor - v3.19.0 - 28-02-2024 *\/\n.elementor-heading-title{padding:0;margin:0;line-height:1}.elementor-widget-heading .elementor-heading-title[class*=elementor-size-]>a{color:inherit;font-size:inherit;line-height:inherit}.elementor-widget-heading .elementor-heading-title.elementor-size-small{font-size:15px}.elementor-widget-heading .elementor-heading-title.elementor-size-medium{font-size:19px}.elementor-widget-heading .elementor-heading-title.elementor-size-large{font-size:29px}.elementor-widget-heading .elementor-heading-title.elementor-size-xl{font-size:39px}.elementor-widget-heading .elementor-heading-title.elementor-size-xxl{font-size:59px}<\/style><h2 class=\"elementor-heading-title elementor-size-default\">\u00bfQu\u00e9 es la Naturopat\u00eda?<\/h2>\t\t<\/div>\n\t\t\t\t<\/div>\n\t\t\t\t<div class=\"elementor-element elementor-element-067c933 elementor-widget elementor-widget-text-editor\" data-id=\"067c933\" data-element_type=\"widget\" data-widget_type=\"text-editor.default\">\n\t\t\t\t<div class=\"elementor-widget-container\">\n\t\t\t<style>\/*! elementor - v3.19.0 - 28-02-2024 *\/\n.elementor-widget-text-editor.elementor-drop-cap-view-stacked .elementor-drop-cap{background-color:#69727d;color:#fff}.elementor-widget-text-editor.elementor-drop-cap-view-framed .elementor-drop-cap{color:#69727d;border:3px solid;background-color:transparent}.elementor-widget-text-editor:not(.elementor-drop-cap-view-default) .elementor-drop-cap{margin-top:8px}.elementor-widget-text-editor:not(.elementor-drop-cap-view-default) .elementor-drop-cap-letter{width:1em;height:1em}.elementor-widget-text-editor .elementor-drop-cap{float:left;text-align:center;line-height:1;font-size:50px}.elementor-widget-text-editor .elementor-drop-cap-letter{display:inline-block}<\/style>\t\t\t\t<p class=\"font_9\"><span class=\"color_15\">La Naturopat\u00eda es un sistema de medicina con una profunda ra\u00edz filos\u00f3fica y con conocimientos en pr\u00e1cticas tradicionales y modernas de la medicina.\u00a0 Se caracteriza por la uni\u00f3n entre Oriente y Occidente, respetando y honrando la sabidur\u00eda de las medicinas milenarias, como tambi\u00e9n a los \u00faltimos hallazgos de la ciencia.\u00a0 Al igual que la medicina convencional o moderna, cuenta con principios y pilares que fundamentan su teor\u00eda y aplicaci\u00f3n:<\/span><\/p><ul><li>Primero, no hacer da\u00f1o (primum non nocere)<\/li><li><p class=\"font_9\"><span class=\"color_15\">El poder curativo de la naturaleza (vis medicatrixnaturae)<\/span><\/p><\/li><li><p class=\"font_9\"><span class=\"color_15\">Tratar la causa (tolle causam)<\/span><\/p><\/li><li><p class=\"font_9\"><span class=\"color_15\">Tratar la persona completa (tolletotum)<\/span><\/p><\/li><li><p class=\"font_9\"><span class=\"color_15\">Doctor\/terapeuta como maestro o profesor (docere)<\/span><\/p><\/li><li><p class=\"font_9\"><span class=\"color_15\">Prevenci\u00f3n de la enfermedad y promoci\u00f3n de la salud<\/span><\/p><\/li><li><p class=\"font_9\"><span class=\"color_15\">Bienestar<\/span><\/p><\/li><\/ul><p class=\"font_9\"><span class=\"color_15\">Dentro de los factores que m\u00e1s destacan al abordaje naturop\u00e1tico dentro del mundo de las medicinas, es la b\u00fasqueda de la ra\u00edz de los desequilibrios y el principio de que cada cuerpo es su propio sanador; una vez que otorgamos las herramientas para sanar, cualquier organismo vivo va a restituir su salud.\u00a0 Este es el poder curativo de la naturaleza y es al que como Natur\u00f3patas primero nos dirijimos cuando buscamos sanar.<\/span><\/p><p class=\"font_9\"><span class=\"color_15\">As\u00ed como comprendemos que la salud es la capacidad intr\u00ednseca e inmutable en cada ser, comprendemos tambi\u00e9n que la enfermedad, o desarmon\u00eda, corresponde a una se\u00f1al de desequilibrio en el ser, manifestando d\u00f3nde hay posibles carencias y d\u00f3nde es necesario nutrir y apoyar.\u00a0 Por esto, es que consideramos que la Naturopat\u00eda es un sistema de medicina basado en la salud y no en la enfermedad.<\/span><\/p><p class=\"font_9\"><span class=\"color_15\">Seg\u00fan la parte del mundo en la que est\u00e9s y los diversos niveles de estudios acad\u00e9micos bajo los cu\u00e1les un Natur\u00f3pata puede formarse, la gama de recursos terap\u00e9uticos a usar en consulta, var\u00eda.\u00a0 Existen profesionales dedicados a terapias energ\u00e9ticas o de medicinas tradicionales, como el ayurveda o la medicina china, como otros u otras enfocadas en medicina homeop\u00e1tica, ortomolecular, nutrici\u00f3n, y m\u00e1s.<\/span><\/p><p class=\"font_9\"><span class=\"color_15\">En mi consulta de Naturopat\u00eda utilizamos recursos como la nutrici\u00f3n y suplementaci\u00f3n integrativa, fitoterapia, medicina china y en algunos casos homeopat\u00eda o terapia floral.\u00a0 Las herramientas a utilizar son dependientes caso a caso, seg\u00fan el o la consultante y lo que la trae a la consulta.<\/span><\/p><p class=\"font_9\"><span class=\"color_15\">Para m\u00e1s informaci\u00f3n sobre naturopat\u00eda, te invito a revisar la p\u00e1gina web de la Federaci\u00f3n Mundial de Naturopat\u00eda y a leer El libro blanco de la Naturopat\u00eda, escrito por esta misma organizaci\u00f3n.<\/span><\/p>\t\t\t\t\t\t<\/div>\n\t\t\t\t<\/div>\n\t\t<div class=\"elementor-element elementor-element-9a9c187 e-grid e-con-boxed e-con e-child\" data-id=\"9a9c187\" data-element_type=\"container\" data-settings=\"{&quot;container_type&quot;:&quot;grid&quot;,&quot;grid_columns_grid&quot;:{&quot;unit&quot;:&quot;fr&quot;,&quot;size&quot;:2,&quot;sizes&quot;:[]},&quot;grid_rows_grid&quot;:{&quot;unit&quot;:&quot;fr&quot;,&quot;size&quot;:1,&quot;sizes&quot;:[]},&quot;content_width&quot;:&quot;boxed&quot;,&quot;grid_outline&quot;:&quot;yes&quot;,&quot;grid_columns_grid_tablet&quot;:{&quot;unit&quot;:&quot;fr&quot;,&quot;size&quot;:&quot;&quot;,&quot;sizes&quot;:[]},&quot;grid_columns_grid_mobile&quot;:{&quot;unit&quot;:&quot;fr&quot;,&quot;size&quot;:1,&quot;sizes&quot;:[]},&quot;grid_rows_grid_tablet&quot;:{&quot;unit&quot;:&quot;fr&quot;,&quot;size&quot;:&quot;&quot;,&quot;sizes&quot;:[]},&quot;grid_rows_grid_mobile&quot;:{&quot;unit&quot;:&quot;fr&quot;,&quot;size&quot;:&quot;&quot;,&quot;sizes&quot;:[]},&quot;grid_auto_flow&quot;:&quot;row&quot;,&quot;grid_auto_flow_tablet&quot;:&quot;row&quot;,&quot;grid_auto_flow_mobile&quot;:&quot;row&quot;}\">\n\t\t\t\t\t<div class=\"e-con-inner\">\n\t\t\t\t<div class=\"elementor-element elementor-element-a268ac8 elementor-align-center elementor-widget elementor-widget-button\" data-id=\"a268ac8\" data-element_type=\"widget\" data-widget_type=\"button.default\">\n\t\t\t\t<div class=\"elementor-widget-container\">\n\t\t\t\t\t<div class=\"elementor-button-wrapper\">\n\t\t\t<a class=\"elementor-button elementor-button-link elementor-size-sm\" href=\"https:\/\/antonianina.com\/?page_id=251\">\n\t\t\t\t\t\t<span class=\"elementor-button-content-wrapper\">\n\t\t\t\t\t\t<span class=\"elementor-button-text\">Quiero Agendar<\/span>\n\t\t<\/span>\n\t\t\t\t\t<\/a>\n\t\t<\/div>\n\t\t\t\t<\/div>\n\t\t\t\t<\/div>\n\t\t\t\t<div class=\"elementor-element elementor-element-c1e8bda elementor-align-center elementor-widget elementor-widget-button\" data-id=\"c1e8bda\" data-element_type=\"widget\" data-widget_type=\"button.default\">\n\t\t\t\t<div class=\"elementor-widget-container\">\n\t\t\t\t\t<div class=\"elementor-button-wrapper\">\n\t\t\t<a class=\"elementor-button elementor-button-link elementor-size-sm\" href=\"https:\/\/antonianina.com\/?page_id=262\">\n\t\t\t\t\t\t<span class=\"elementor-button-content-wrapper\">\n\t\t\t\t\t\t<span class=\"elementor-button-text\">M\u00e1s Sobre la Consulta y Talleres<\/span>\n\t\t<\/span>\n\t\t\t\t\t<\/a>\n\t\t<\/div>\n\t\t\t\t<\/div>\n\t\t\t\t<\/div>\n\t\t\t\t\t<\/div>\n\t\t\t\t<\/div>\n\t\t\t\t\t<\/div>\n\t\t\t\t<\/div>\n\t\t\t\t<\/div>\n\t\t","protected":false},"excerpt":{"rendered":"<p>\u00bfQu\u00e9 es la Naturopat\u00eda? La Naturopat\u00eda es un sistema de medicina con una profunda ra\u00edz filos\u00f3fica y con conocimientos en [&hellip;]<\/p>\n","protected":false},"author":1,"featured_media":0,"parent":0,"menu_order":0,"comment_status":"closed","ping_status":"closed","template":"","meta":{"site-sidebar-layout":"no-sidebar","site-content-layout":"","ast-site-content-layout":"full-width-container","site-content-style":"default","site-sidebar-style":"default","ast-global-header-display":"","ast-banner-title-visibility":"","ast-main-header-display":"","ast-hfb-above-header-display":"","ast-hfb-below-header-display":"","ast-hfb-mobile-header-display":"","site-post-title":"disabled","ast-breadcrumbs-content":"","ast-featured-img":"disabled","footer-sml-layout":"","theme-transparent-header-meta":"","adv-header-id-meta":"","stick-header-meta":"","header-above-stick-meta":"","header-main-stick-meta":"","header-below-stick-meta":"","astra-migrate-meta-layouts":"default","ast-page-background-enabled":"default","ast-page-background-meta":{"desktop":{"background-color":"var(--ast-global-color-4)","background-image":"","background-repeat":"repeat","background-position":"center center","background-size":"auto","background-attachment":"scroll","background-type":"","background-media":"","overlay-type":"","overlay-color":"","overlay-gradient":""},"tablet":{"background-color":"","background-image":"","background-repeat":"repeat","background-position":"center center","background-size":"auto","background-attachment":"scroll","background-type":"","background-media":"","overlay-type":"","overlay-color":"","overlay-gradient":""},"mobile":{"background-color":"","background-image":"","background-repeat":"repeat","background-position":"center center","background-size":"auto","background-attachment":"scroll","background-type":"","background-media":"","overlay-type":"","overlay-color":"","overlay-gradient":""}},"ast-content-background-meta":{"desktop":{"background-color":"var(--ast-global-color-5)","background-image":"","background-repeat":"repeat","background-position":"center center","background-size":"auto","background-attachment":"scroll","background-type":"","background-media":"","overlay-type":"","overlay-color":"","overlay-gradient":""},"tablet":{"background-color":"var(--ast-global-color-5)","background-image":"","background-repeat":"repeat","background-position":"center center","background-size":"auto","background-attachment":"scroll","background-type":"","background-media":"","overlay-type":"","overlay-color":"","overlay-gradient":""},"mobile":{"background-color":"var(--ast-global-color-5)","background-image":"","background-repeat":"repeat","background-position":"center center","background-size":"auto","background-attachment":"scroll","background-type":"","background-media":"","overlay-type":"","overlay-color":"","overlay-gradient":""}},"footnotes":""},"yoast_head":"<!-- This site is optimized with the Yoast SEO plugin v22.2 - https:\/\/yoast.com\/wordpress\/plugins\/seo\/ -->\n<title>Naturopat\u00eda - Antonia Nina<\/title>\n<meta name=\"description\" content=\"Explora la Naturopat\u00eda, un sistema hol\u00edstico que integra sabidur\u00edas tradicionales y avances cient\u00edficos. Desde &#039;primum non nocere&#039; hasta el poder curativo de la naturaleza, abordamos desequilibrios con enfoques personalizados como nutrici\u00f3n, fitoterapia y medicina china. Encuentra tu equilibrio y bienestar con nosotros.\" \/>\n<meta name=\"robots\" content=\"index, follow, max-snippet:-1, max-image-preview:large, max-video-preview:-1\" \/>\n<link rel=\"canonical\" href=\"https:\/\/antonianina.com\/?page_id=199\" \/>\n<meta property=\"og:locale\" content=\"es_ES\" \/>\n<meta property=\"og:type\" content=\"article\" \/>\n<meta property=\"og:title\" content=\"Naturopat\u00eda - Antonia Nina\" \/>\n<meta property=\"og:description\" content=\"Explora la Naturopat\u00eda, un sistema hol\u00edstico que integra sabidur\u00edas tradicionales y avances cient\u00edficos. Desde &#039;primum non nocere&#039; hasta el poder curativo de la naturaleza, abordamos desequilibrios con enfoques personalizados como nutrici\u00f3n, fitoterapia y medicina china. Encuentra tu equilibrio y bienestar con nosotros.\" \/>\n<meta property=\"og:url\" content=\"https:\/\/antonianina.com\/?page_id=199\" \/>\n<meta property=\"og:site_name\" content=\"Antonia Nina\" \/>\n<meta property=\"article:modified_time\" content=\"2024-03-19T21:38:38+00:00\" \/>\n<meta name=\"twitter:card\" content=\"summary_large_image\" \/>\n<meta name=\"twitter:label1\" content=\"Est. reading time\" \/>\n\t<meta name=\"twitter:data1\" content=\"2 minutos\" \/>\n<script type=\"application\/ld+json\" class=\"yoast-schema-graph\">{\"@context\":\"https:\/\/schema.org\",\"@graph\":[{\"@type\":\"WebPage\",\"@id\":\"https:\/\/antonianina.com\/?page_id=199\",\"url\":\"https:\/\/antonianina.com\/?page_id=199\",\"name\":\"Naturopat\u00eda - Antonia Nina\",\"isPartOf\":{\"@id\":\"https:\/\/antonianina.com\/#website\"},\"datePublished\":\"2024-02-20T19:41:26+00:00\",\"dateModified\":\"2024-03-19T21:38:38+00:00\",\"description\":\"Explora la Naturopat\u00eda, un sistema hol\u00edstico que integra sabidur\u00edas tradicionales y avances cient\u00edficos. Desde 'primum non nocere' hasta el poder curativo de la naturaleza, abordamos desequilibrios con enfoques personalizados como nutrici\u00f3n, fitoterapia y medicina china. Encuentra tu equilibrio y bienestar con nosotros.\",\"breadcrumb\":{\"@id\":\"https:\/\/antonianina.com\/?page_id=199#breadcrumb\"},\"inLanguage\":\"es-CL\",\"potentialAction\":[{\"@type\":\"ReadAction\",\"target\":[\"https:\/\/antonianina.com\/?page_id=199\"]}]},{\"@type\":\"BreadcrumbList\",\"@id\":\"https:\/\/antonianina.com\/?page_id=199#breadcrumb\",\"itemListElement\":[{\"@type\":\"ListItem\",\"position\":1,\"name\":\"Portada\",\"item\":\"https:\/\/antonianina.com\/\"},{\"@type\":\"ListItem\",\"position\":2,\"name\":\"Naturopat\u00eda\"}]},{\"@type\":\"WebSite\",\"@id\":\"https:\/\/antonianina.com\/#website\",\"url\":\"https:\/\/antonianina.com\/\",\"name\":\"Antonia Nina\",\"description\":\"Naturopata\",\"potentialAction\":[{\"@type\":\"SearchAction\",\"target\":{\"@type\":\"EntryPoint\",\"urlTemplate\":\"https:\/\/antonianina.com\/?s={search_term_string}\"},\"query-input\":\"required name=search_term_string\"}],\"inLanguage\":\"es-CL\"}]}<\/script>\n<!-- \/ Yoast SEO plugin. -->","yoast_head_json":{"title":"Naturopat\u00eda - Antonia Nina","description":"Explora la Naturopat\u00eda, un sistema hol\u00edstico que integra sabidur\u00edas tradicionales y avances cient\u00edficos. Desde 'primum non nocere' hasta el poder curativo de la naturaleza, abordamos desequilibrios con enfoques personalizados como nutrici\u00f3n, fitoterapia y medicina china. Encuentra tu equilibrio y bienestar con nosotros.","robots":{"index":"index","follow":"follow","max-snippet":"max-snippet:-1","max-image-preview":"max-image-preview:large","max-video-preview":"max-video-preview:-1"},"canonical":"https:\/\/antonianina.com\/?page_id=199","og_locale":"es_ES","og_type":"article","og_title":"Naturopat\u00eda - Antonia Nina","og_description":"Explora la Naturopat\u00eda, un sistema hol\u00edstico que integra sabidur\u00edas tradicionales y avances cient\u00edficos. Desde 'primum non nocere' hasta el poder curativo de la naturaleza, abordamos desequilibrios con enfoques personalizados como nutrici\u00f3n, fitoterapia y medicina china. Encuentra tu equilibrio y bienestar con nosotros.","og_url":"https:\/\/antonianina.com\/?page_id=199","og_site_name":"Antonia Nina","article_modified_time":"2024-03-19T21:38:38+00:00","twitter_card":"summary_large_image","twitter_misc":{"Est. reading time":"2 minutos"},"schema":{"@context":"https:\/\/schema.org","@graph":[{"@type":"WebPage","@id":"https:\/\/antonianina.com\/?page_id=199","url":"https:\/\/antonianina.com\/?page_id=199","name":"Naturopat\u00eda - Antonia Nina","isPartOf":{"@id":"https:\/\/antonianina.com\/#website"},"datePublished":"2024-02-20T19:41:26+00:00","dateModified":"2024-03-19T21:38:38+00:00","description":"Explora la Naturopat\u00eda, un sistema hol\u00edstico que integra sabidur\u00edas tradicionales y avances cient\u00edficos. Desde 'primum non nocere' hasta el poder curativo de la naturaleza, abordamos desequilibrios con enfoques personalizados como nutrici\u00f3n, fitoterapia y medicina china. Encuentra tu equilibrio y bienestar con nosotros.","breadcrumb":{"@id":"https:\/\/antonianina.com\/?page_id=199#breadcrumb"},"inLanguage":"es-CL","potentialAction":[{"@type":"ReadAction","target":["https:\/\/antonianina.com\/?page_id=199"]}]},{"@type":"BreadcrumbList","@id":"https:\/\/antonianina.com\/?page_id=199#breadcrumb","itemListElement":[{"@type":"ListItem","position":1,"name":"Portada","item":"https:\/\/antonianina.com\/"},{"@type":"ListItem","position":2,"name":"Naturopat\u00eda"}]},{"@type":"WebSite","@id":"https:\/\/antonianina.com\/#website","url":"https:\/\/antonianina.com\/","name":"Antonia Nina","description":"Naturopata","potentialAction":[{"@type":"SearchAction","target":{"@type":"EntryPoint","urlTemplate":"https:\/\/antonianina.com\/?s={search_term_string}"},"query-input":"required name=search_term_string"}],"inLanguage":"es-CL"}]}},"_links":{"self":[{"href":"https:\/\/antonianina.com\/index.php?rest_route=\/wp\/v2\/pages\/199"}],"collection":[{"href":"https:\/\/antonianina.com\/index.php?rest_route=\/wp\/v2\/pages"}],"about":[{"href":"https:\/\/antonianina.com\/index.php?rest_route=\/wp\/v2\/types\/page"}],"author":[{"embeddable":true,"href":"https:\/\/antonianina.com\/index.php?rest_route=\/wp\/v2\/users\/1"}],"replies":[{"embeddable":true,"href":"https:\/\/antonianina.com\/index.php?rest_route=%2Fwp%2Fv2%2Fcomments&post=199"}],"version-history":[{"count":22,"href":"https:\/\/antonianina.com\/index.php?rest_route=\/wp\/v2\/pages\/199\/revisions"}],"predecessor-version":[{"id":685,"href":"https:\/\/antonianina.com\/index.php?rest_route=\/wp\/v2\/pages\/199\/revisions\/685"}],"wp:attachment":[{"href":"https:\/\/antonianina.com\/index.php?rest_route=%2Fwp%2Fv2%2Fmedia&parent=199"}],"curies":[{"name":"wp","href":"https:\/\/api.w.org\/{rel}","templated":true}]}}