{"id":172,"date":"2024-02-16T15:09:02","date_gmt":"2024-02-16T15:09:02","guid":{"rendered":"https:\/\/antonianina.com\/?page_id=172"},"modified":"2024-02-23T21:17:19","modified_gmt":"2024-02-23T21:17:19","slug":"sobre-mi","status":"publish","type":"page","link":"https:\/\/antonianina.com\/?page_id=172","title":{"rendered":"Sobre mi"},"content":{"rendered":"\t\t<div data-elementor-type=\"wp-page\" data-elementor-id=\"172\" class=\"elementor elementor-172\">\n\t\t\t\t<div class=\"elementor-element elementor-element-506c3c9 e-flex e-con-boxed e-con e-parent\" data-id=\"506c3c9\" data-element_type=\"container\" data-settings=\"{&quot;container_type&quot;:&quot;flex&quot;,&quot;content_width&quot;:&quot;boxed&quot;}\" data-core-v316-plus=\"true\">\n\t\t\t\t\t<div class=\"e-con-inner\">\n\t\t<div class=\"elementor-element elementor-element-48ef365 e-con-full e-flex e-con e-child\" data-id=\"48ef365\" data-element_type=\"container\" data-settings=\"{&quot;content_width&quot;:&quot;full&quot;,&quot;background_background&quot;:&quot;classic&quot;,&quot;container_type&quot;:&quot;flex&quot;}\">\n\t\t\t\t<\/div>\n\t\t<div class=\"elementor-element elementor-element-c99da71 e-con-full e-flex e-con e-child\" data-id=\"c99da71\" data-element_type=\"container\" data-settings=\"{&quot;content_width&quot;:&quot;full&quot;,&quot;container_type&quot;:&quot;flex&quot;}\">\n\t\t\t\t<div class=\"elementor-element elementor-element-e739150 elementor-widget elementor-widget-image\" data-id=\"e739150\" data-element_type=\"widget\" data-widget_type=\"image.default\">\n\t\t\t\t<div class=\"elementor-widget-container\">\n\t\t\t<style>\/*! elementor - v3.19.0 - 28-02-2024 *\/\n.elementor-widget-image{text-align:center}.elementor-widget-image a{display:inline-block}.elementor-widget-image a img[src$=\".svg\"]{width:48px}.elementor-widget-image img{vertical-align:middle;display:inline-block}<\/style>\t\t\t\t\t\t\t\t\t\t<img fetchpriority=\"high\" decoding=\"async\" width=\"768\" height=\"1024\" src=\"https:\/\/antonianina.com\/wp-content\/uploads\/2024\/02\/IMG_1405_edited-768x1024.jpg\" class=\"attachment-large size-large wp-image-174\" alt=\"\" srcset=\"https:\/\/antonianina.com\/wp-content\/uploads\/2024\/02\/IMG_1405_edited-768x1024.jpg 768w, https:\/\/antonianina.com\/wp-content\/uploads\/2024\/02\/IMG_1405_edited-225x300.jpg 225w, https:\/\/antonianina.com\/wp-content\/uploads\/2024\/02\/IMG_1405_edited.jpg 964w\" sizes=\"(max-width: 768px) 100vw, 768px\" \/>\t\t\t\t\t\t\t\t\t\t\t\t\t<\/div>\n\t\t\t\t<\/div>\n\t\t\t\t<\/div>\n\t\t<div class=\"elementor-element elementor-element-08ac551 e-con-full e-flex e-con e-child\" data-id=\"08ac551\" data-element_type=\"container\" data-settings=\"{&quot;content_width&quot;:&quot;full&quot;,&quot;background_background&quot;:&quot;classic&quot;,&quot;container_type&quot;:&quot;flex&quot;}\">\n\t\t\t\t<\/div>\n\t\t\t\t\t<\/div>\n\t\t\t\t<\/div>\n\t\t<div class=\"elementor-element elementor-element-145e2c9 e-con-full e-flex e-con e-parent\" data-id=\"145e2c9\" data-element_type=\"container\" data-settings=\"{&quot;content_width&quot;:&quot;full&quot;,&quot;container_type&quot;:&quot;flex&quot;}\" data-core-v316-plus=\"true\">\n\t\t\t\t<div class=\"elementor-element elementor-element-c17d526 elementor-widget elementor-widget-heading\" data-id=\"c17d526\" data-element_type=\"widget\" data-widget_type=\"heading.default\">\n\t\t\t\t<div class=\"elementor-widget-container\">\n\t\t\t<style>\/*! elementor - v3.19.0 - 28-02-2024 *\/\n.elementor-heading-title{padding:0;margin:0;line-height:1}.elementor-widget-heading .elementor-heading-title[class*=elementor-size-]>a{color:inherit;font-size:inherit;line-height:inherit}.elementor-widget-heading .elementor-heading-title.elementor-size-small{font-size:15px}.elementor-widget-heading .elementor-heading-title.elementor-size-medium{font-size:19px}.elementor-widget-heading .elementor-heading-title.elementor-size-large{font-size:29px}.elementor-widget-heading .elementor-heading-title.elementor-size-xl{font-size:39px}.elementor-widget-heading .elementor-heading-title.elementor-size-xxl{font-size:59px}<\/style><h2 class=\"elementor-heading-title elementor-size-default\">Acerca de mi<\/h2>\t\t<\/div>\n\t\t\t\t<\/div>\n\t\t\t\t<div class=\"elementor-element elementor-element-31578a6 elementor-widget elementor-widget-text-editor\" data-id=\"31578a6\" data-element_type=\"widget\" data-widget_type=\"text-editor.default\">\n\t\t\t\t<div class=\"elementor-widget-container\">\n\t\t\t<style>\/*! elementor - v3.19.0 - 28-02-2024 *\/\n.elementor-widget-text-editor.elementor-drop-cap-view-stacked .elementor-drop-cap{background-color:#69727d;color:#fff}.elementor-widget-text-editor.elementor-drop-cap-view-framed .elementor-drop-cap{color:#69727d;border:3px solid;background-color:transparent}.elementor-widget-text-editor:not(.elementor-drop-cap-view-default) .elementor-drop-cap{margin-top:8px}.elementor-widget-text-editor:not(.elementor-drop-cap-view-default) .elementor-drop-cap-letter{width:1em;height:1em}.elementor-widget-text-editor .elementor-drop-cap{float:left;text-align:center;line-height:1;font-size:50px}.elementor-widget-text-editor .elementor-drop-cap-letter{display:inline-block}<\/style>\t\t\t\t<p class=\"font_9\"><span class=\"color_15\">Mi nombre es Antonia Nina, soy mujer, Natur\u00f3pata y amante de la naturaleza y la medicina integrativa.\u00a0 Mi camino en el \u00e1rea de la medicina comenz\u00f3 desde el deseo de conectar nuestra existencia y sus procesos de salud y enfermedad con los ciclos y la expresi\u00f3n de la naturaleza. Desde peque\u00f1a comprend\u00ed que en la Naturaleza podemos encontrar la respuesta a muchas preguntas en nuestra vida y que, mediante la observaci\u00f3n humilde y amorosa de esta, obtendr\u00edamos herramientas profundamente sanadoras.<\/span><\/p><p class=\"font_9\"><span class=\"color_15\">Estudi\u00e9 Naturopat\u00eda profesional en Chile (4 a\u00f1os) y actualmente estoy inscrita como Natur\u00f3pata reconocida por el ministerio de salud (rol 618755). \u00a0Tambi\u00e9n soy Acupunturista, en proceso de titulaci\u00f3n.\u00a0 Tengo un mag\u00edster en suplementaci\u00f3n integrativa, y tambi\u00e9n he participado en especializaciones de medicina integrativa para la mujer, incluyendo fitoterapia y otras t\u00e9cnicas milenarias.\u00a0 Cuento con una certificaci\u00f3n internacional del Peristeam Hydrotherapy Institute (Instituto de hidroterapia del piso p\u00e9lvico) como facilitadora de vapores vaginales y curso un diplomado en fitoterapia china.\u00a0 Ejerzo mi vocaci\u00f3n con la distinci\u00f3n de unir las m\u00e1s antiguas y sabias medicinas de la humanidad, con los \u00faltimos avances y descubrimientos de la ciencia al servicio de la integraci\u00f3n de las medicinas. As\u00ed mismo, mi prop\u00f3sito es, por sobre todo, que la medicina est\u00e9 al servicio del proceso de el o la consultante y su bio-individualidad.\u00a0<\/span><\/p><p class=\"font_9\"><span class=\"color_15\">Creo en acompa\u00f1ar y guiar procesos, primero honrando lo que hace \u00fanico y \u00fanica a cada consultante y buscando la ra\u00edz m\u00e1s profunda de las desarmon\u00edas, para verdaderamente sanar.\u00a0 Creo que la expresi\u00f3n de salud en las personas tiene que ver con la manifestaci\u00f3n de nuestro ser esencial y de las energ\u00edas m\u00e1s sutiles que nos componen; y que as\u00ed es como al sanar cuerpo f\u00edsico sanamos mente, emoci\u00f3n, nuestras relaciones, comunidades y nuestro planeta.\u00a0<\/span><\/p>\t\t\t\t\t\t<\/div>\n\t\t\t\t<\/div>\n\t\t\t\t<div class=\"elementor-element elementor-element-b3b5151 elementor-align-center elementor-widget elementor-widget-button\" data-id=\"b3b5151\" data-element_type=\"widget\" data-widget_type=\"button.default\">\n\t\t\t\t<div class=\"elementor-widget-container\">\n\t\t\t\t\t<div class=\"elementor-button-wrapper\">\n\t\t\t<a class=\"elementor-button elementor-button-link elementor-size-sm\" href=\"https:\/\/antonianina.com\/?page_id=199\">\n\t\t\t\t\t\t<span class=\"elementor-button-content-wrapper\">\n\t\t\t\t\t\t<span class=\"elementor-button-text\">Sobre lo que hago<\/span>\n\t\t<\/span>\n\t\t\t\t\t<\/a>\n\t\t<\/div>\n\t\t\t\t<\/div>\n\t\t\t\t<\/div>\n\t\t\t\t<\/div>\n\t\t\t\t<\/div>\n\t\t","protected":false},"excerpt":{"rendered":"<p>Acerca de mi Mi nombre es Antonia Nina, soy mujer, Natur\u00f3pata y amante de la naturaleza y la medicina integrativa.\u00a0 [&hellip;]<\/p>\n","protected":false},"author":1,"featured_media":0,"parent":0,"menu_order":0,"comment_status":"closed","ping_status":"closed","template":"","meta":{"site-sidebar-layout":"no-sidebar","site-content-layout":"","ast-site-content-layout":"full-width-container","site-content-style":"default","site-sidebar-style":"default","ast-global-header-display":"","ast-banner-title-visibility":"","ast-main-header-display":"","ast-hfb-above-header-display":"","ast-hfb-below-header-display":"","ast-hfb-mobile-header-display":"","site-post-title":"disabled","ast-breadcrumbs-content":"","ast-featured-img":"disabled","footer-sml-layout":"","theme-transparent-header-meta":"","adv-header-id-meta":"","stick-header-meta":"","header-above-stick-meta":"","header-main-stick-meta":"","header-below-stick-meta":"","astra-migrate-meta-layouts":"default","ast-page-background-enabled":"default","ast-page-background-meta":{"desktop":{"background-color":"var(--ast-global-color-4)","background-image":"","background-repeat":"repeat","background-position":"center center","background-size":"auto","background-attachment":"scroll","background-type":"","background-media":"","overlay-type":"","overlay-color":"","overlay-gradient":""},"tablet":{"background-color":"","background-image":"","background-repeat":"repeat","background-position":"center center","background-size":"auto","background-attachment":"scroll","background-type":"","background-media":"","overlay-type":"","overlay-color":"","overlay-gradient":""},"mobile":{"background-color":"","background-image":"","background-repeat":"repeat","background-position":"center center","background-size":"auto","background-attachment":"scroll","background-type":"","background-media":"","overlay-type":"","overlay-color":"","overlay-gradient":""}},"ast-content-background-meta":{"desktop":{"background-color":"var(--ast-global-color-5)","background-image":"","background-repeat":"repeat","background-position":"center center","background-size":"auto","background-attachment":"scroll","background-type":"","background-media":"","overlay-type":"","overlay-color":"","overlay-gradient":""},"tablet":{"background-color":"var(--ast-global-color-5)","background-image":"","background-repeat":"repeat","background-position":"center center","background-size":"auto","background-attachment":"scroll","background-type":"","background-media":"","overlay-type":"","overlay-color":"","overlay-gradient":""},"mobile":{"background-color":"var(--ast-global-color-5)","background-image":"","background-repeat":"repeat","background-position":"center center","background-size":"auto","background-attachment":"scroll","background-type":"","background-media":"","overlay-type":"","overlay-color":"","overlay-gradient":""}},"footnotes":""},"yoast_head":"<!-- This site is optimized with the Yoast SEO plugin v22.2 - https:\/\/yoast.com\/wordpress\/plugins\/seo\/ -->\n<title>Sobre mi - Antonia Nina<\/title>\n<meta name=\"robots\" content=\"index, follow, max-snippet:-1, max-image-preview:large, max-video-preview:-1\" \/>\n<link rel=\"canonical\" href=\"https:\/\/antonianina.com\/?page_id=172\" \/>\n<meta property=\"og:locale\" content=\"es_ES\" \/>\n<meta property=\"og:type\" content=\"article\" \/>\n<meta property=\"og:title\" content=\"Sobre mi - Antonia Nina\" \/>\n<meta property=\"og:description\" content=\"Acerca de mi Mi nombre es Antonia Nina, soy mujer, Natur\u00f3pata y amante de la naturaleza y la medicina integrativa.\u00a0 [&hellip;]\" \/>\n<meta property=\"og:url\" content=\"https:\/\/antonianina.com\/?page_id=172\" \/>\n<meta property=\"og:site_name\" content=\"Antonia Nina\" \/>\n<meta property=\"article:modified_time\" content=\"2024-02-23T21:17:19+00:00\" \/>\n<meta property=\"og:image\" content=\"https:\/\/antonianina.com\/wp-content\/uploads\/2024\/02\/IMG_1405_edited-768x1024.jpg\" \/>\n<meta name=\"twitter:card\" content=\"summary_large_image\" \/>\n<meta name=\"twitter:label1\" content=\"Est. reading time\" \/>\n\t<meta name=\"twitter:data1\" content=\"2 minutos\" \/>\n<script type=\"application\/ld+json\" class=\"yoast-schema-graph\">{\"@context\":\"https:\/\/schema.org\",\"@graph\":[{\"@type\":\"WebPage\",\"@id\":\"https:\/\/antonianina.com\/?page_id=172\",\"url\":\"https:\/\/antonianina.com\/?page_id=172\",\"name\":\"Sobre mi - Antonia Nina\",\"isPartOf\":{\"@id\":\"https:\/\/antonianina.com\/#website\"},\"primaryImageOfPage\":{\"@id\":\"https:\/\/antonianina.com\/?page_id=172#primaryimage\"},\"image\":{\"@id\":\"https:\/\/antonianina.com\/?page_id=172#primaryimage\"},\"thumbnailUrl\":\"https:\/\/antonianina.com\/wp-content\/uploads\/2024\/02\/IMG_1405_edited-768x1024.jpg\",\"datePublished\":\"2024-02-16T15:09:02+00:00\",\"dateModified\":\"2024-02-23T21:17:19+00:00\",\"breadcrumb\":{\"@id\":\"https:\/\/antonianina.com\/?page_id=172#breadcrumb\"},\"inLanguage\":\"es-CL\",\"potentialAction\":[{\"@type\":\"ReadAction\",\"target\":[\"https:\/\/antonianina.com\/?page_id=172\"]}]},{\"@type\":\"ImageObject\",\"inLanguage\":\"es-CL\",\"@id\":\"https:\/\/antonianina.com\/?page_id=172#primaryimage\",\"url\":\"https:\/\/antonianina.com\/wp-content\/uploads\/2024\/02\/IMG_1405_edited.jpg\",\"contentUrl\":\"https:\/\/antonianina.com\/wp-content\/uploads\/2024\/02\/IMG_1405_edited.jpg\",\"width\":964,\"height\":1285},{\"@type\":\"BreadcrumbList\",\"@id\":\"https:\/\/antonianina.com\/?page_id=172#breadcrumb\",\"itemListElement\":[{\"@type\":\"ListItem\",\"position\":1,\"name\":\"Portada\",\"item\":\"https:\/\/antonianina.com\/\"},{\"@type\":\"ListItem\",\"position\":2,\"name\":\"Sobre mi\"}]},{\"@type\":\"WebSite\",\"@id\":\"https:\/\/antonianina.com\/#website\",\"url\":\"https:\/\/antonianina.com\/\",\"name\":\"Antonia Nina\",\"description\":\"Naturopata\",\"potentialAction\":[{\"@type\":\"SearchAction\",\"target\":{\"@type\":\"EntryPoint\",\"urlTemplate\":\"https:\/\/antonianina.com\/?s={search_term_string}\"},\"query-input\":\"required name=search_term_string\"}],\"inLanguage\":\"es-CL\"}]}<\/script>\n<!-- \/ Yoast SEO plugin. -->","yoast_head_json":{"title":"Sobre mi - Antonia Nina","robots":{"index":"index","follow":"follow","max-snippet":"max-snippet:-1","max-image-preview":"max-image-preview:large","max-video-preview":"max-video-preview:-1"},"canonical":"https:\/\/antonianina.com\/?page_id=172","og_locale":"es_ES","og_type":"article","og_title":"Sobre mi - Antonia Nina","og_description":"Acerca de mi Mi nombre es Antonia Nina, soy mujer, Natur\u00f3pata y amante de la naturaleza y la medicina integrativa.\u00a0 [&hellip;]","og_url":"https:\/\/antonianina.com\/?page_id=172","og_site_name":"Antonia Nina","article_modified_time":"2024-02-23T21:17:19+00:00","og_image":[{"url":"https:\/\/antonianina.com\/wp-content\/uploads\/2024\/02\/IMG_1405_edited-768x1024.jpg"}],"twitter_card":"summary_large_image","twitter_misc":{"Est. reading time":"2 minutos"},"schema":{"@context":"https:\/\/schema.org","@graph":[{"@type":"WebPage","@id":"https:\/\/antonianina.com\/?page_id=172","url":"https:\/\/antonianina.com\/?page_id=172","name":"Sobre mi - Antonia Nina","isPartOf":{"@id":"https:\/\/antonianina.com\/#website"},"primaryImageOfPage":{"@id":"https:\/\/antonianina.com\/?page_id=172#primaryimage"},"image":{"@id":"https:\/\/antonianina.com\/?page_id=172#primaryimage"},"thumbnailUrl":"https:\/\/antonianina.com\/wp-content\/uploads\/2024\/02\/IMG_1405_edited-768x1024.jpg","datePublished":"2024-02-16T15:09:02+00:00","dateModified":"2024-02-23T21:17:19+00:00","breadcrumb":{"@id":"https:\/\/antonianina.com\/?page_id=172#breadcrumb"},"inLanguage":"es-CL","potentialAction":[{"@type":"ReadAction","target":["https:\/\/antonianina.com\/?page_id=172"]}]},{"@type":"ImageObject","inLanguage":"es-CL","@id":"https:\/\/antonianina.com\/?page_id=172#primaryimage","url":"https:\/\/antonianina.com\/wp-content\/uploads\/2024\/02\/IMG_1405_edited.jpg","contentUrl":"https:\/\/antonianina.com\/wp-content\/uploads\/2024\/02\/IMG_1405_edited.jpg","width":964,"height":1285},{"@type":"BreadcrumbList","@id":"https:\/\/antonianina.com\/?page_id=172#breadcrumb","itemListElement":[{"@type":"ListItem","position":1,"name":"Portada","item":"https:\/\/antonianina.com\/"},{"@type":"ListItem","position":2,"name":"Sobre mi"}]},{"@type":"WebSite","@id":"https:\/\/antonianina.com\/#website","url":"https:\/\/antonianina.com\/","name":"Antonia Nina","description":"Naturopata","potentialAction":[{"@type":"SearchAction","target":{"@type":"EntryPoint","urlTemplate":"https:\/\/antonianina.com\/?s={search_term_string}"},"query-input":"required name=search_term_string"}],"inLanguage":"es-CL"}]}},"_links":{"self":[{"href":"https:\/\/antonianina.com\/index.php?rest_route=\/wp\/v2\/pages\/172"}],"collection":[{"href":"https:\/\/antonianina.com\/index.php?rest_route=\/wp\/v2\/pages"}],"about":[{"href":"https:\/\/antonianina.com\/index.php?rest_route=\/wp\/v2\/types\/page"}],"author":[{"embeddable":true,"href":"https:\/\/antonianina.com\/index.php?rest_route=\/wp\/v2\/users\/1"}],"replies":[{"embeddable":true,"href":"https:\/\/antonianina.com\/index.php?rest_route=%2Fwp%2Fv2%2Fcomments&post=172"}],"version-history":[{"count":25,"href":"https:\/\/antonianina.com\/index.php?rest_route=\/wp\/v2\/pages\/172\/revisions"}],"predecessor-version":[{"id":447,"href":"https:\/\/antonianina.com\/index.php?rest_route=\/wp\/v2\/pages\/172\/revisions\/447"}],"wp:attachment":[{"href":"https:\/\/antonianina.com\/index.php?rest_route=%2Fwp%2Fv2%2Fmedia&parent=172"}],"curies":[{"name":"wp","href":"https:\/\/api.w.org\/{rel}","templated":true}]}}